{"id":16,"date":"2025-03-11T19:48:53","date_gmt":"2025-03-11T19:48:53","guid":{"rendered":"https:\/\/studio.riseloutek.cz\/?page_id=16"},"modified":"2026-03-31T12:42:26","modified_gmt":"2026-03-31T12:42:26","slug":"homepage","status":"publish","type":"page","link":"https:\/\/studio.riseloutek.cz\/en\/","title":{"rendered":"Homepage"},"content":{"rendered":"<div id='av_section_1'  class='avia-section av-2b0fs-3c8e3101624f056dc864e34e38af10a6 main_color avia-section-default avia-no-border-styling  avia-builder-el-0  avia-builder-el-no-sibling  avia-bg-style-scroll container_wrap fullsize'  ><div class='container av-section-cont-open' ><main  role=\"main\" itemprop=\"mainContentOfPage\"  class='template-page content  av-content-full alpha units'><div class='post-entry post-entry-type-page post-entry-16'><div class='entry-content-wrapper clearfix'>\n<div  class='flex_column av-1nr3c-e1b77ab7a0b5b67fe5763215bf0b7200 av_two_third  avia-builder-el-1  el_before_av_one_fourth  avia-builder-el-first  first flex_column_div'     ><section  class='av_textblock_section av-m84w7049-5e80b08d4b8245cfccca0e9269f5dcf9'   itemscope=\"itemscope\" itemtype=\"https:\/\/schema.org\/CreativeWork\" ><div class='avia_textblock'  itemprop=\"text\" ><h1>Repertoar<\/h1>\n<\/div><\/section><br \/>\n<div id='av-masonry-1' class='av-masonry av-m8nlxfji-b0e4c11654ce7768e61c6df43239947e noHover av-fixed-size av-large-gap av-hover-overlay-active av-masonry-animation-active av-masonry-col-2 av-caption-always av-caption-style- av-masonry-entries av-orientation-square' data-post_id=\"16\"><div class=\"av-masonry-container isotope av-js-disabled\"><div class='av-masonry-entry isotope-item av-masonry-item-no-image'><\/div><a href=\"https:\/\/studio.riseloutek.cz\/en\/predstaveni\/medvidek-tupinek\/\"  id='av-masonry-1-item-474' data-av-masonry-item='474' class='av-masonry-entry isotope-item post-474 predstaveni type-predstaveni status-publish has-post-thumbnail hentry umisteni-homepage umisteni-repertoar  av-masonry-item-with-image' title=\"Medvidek_tupinek_00004\"   itemscope=\"itemscope\" itemtype=\"https:\/\/schema.org\/CreativeWork\" ><div class='av-inner-masonry-sizer'><\/div><figure class='av-inner-masonry main_color'><div class=\"av-masonry-outerimage-container\"><div class='av-masonry-image-container' style=\"background-image: url(https:\/\/studio.riseloutek.cz\/wp-content\/uploads\/2025\/05\/Medvidek_tupinek_00004-705x470.jpg);\"  title=\"Medvidek_tupinek_00004\" ><\/div><\/div><figcaption class='av-inner-masonry-content site-background'><div class='av-inner-masonry-content-pos'><div class='av-inner-masonry-content-pos-content'><div class='avia-arrow'><\/div><h3 class='av-masonry-entry-title entry-title'  itemprop=\"headline\" >Medv\u00eddek \u0164up\u00ednek<\/h3><\/div><\/div><\/figcaption><\/figure><\/a><!--end av-masonry entry--><a href=\"https:\/\/studio.riseloutek.cz\/en\/predstaveni\/o-pejskovi-a-kocicce\/\"  id='av-masonry-1-item-122' data-av-masonry-item='122' class='av-masonry-entry isotope-item post-122 predstaveni type-predstaveni status-publish has-post-thumbnail hentry umisteni-homepage umisteni-repertoar  av-masonry-item-with-image' title=\"Pejsek a kocicka 7958\"   itemscope=\"itemscope\" itemtype=\"https:\/\/schema.org\/CreativeWork\" ><div class='av-inner-masonry-sizer'><\/div><figure class='av-inner-masonry main_color'><div class=\"av-masonry-outerimage-container\"><div class='av-masonry-image-container' style=\"background-image: url(https:\/\/studio.riseloutek.cz\/wp-content\/uploads\/2025\/03\/Pejsek-a-kocicka-7958-705x470.jpg);\"  title=\"Pejsek a kocicka 7958\" ><\/div><\/div><figcaption class='av-inner-masonry-content site-background'><div class='av-inner-masonry-content-pos'><div class='av-inner-masonry-content-pos-content'><div class='avia-arrow'><\/div><h3 class='av-masonry-entry-title entry-title'  itemprop=\"headline\" >O pejskovi a ko\u010di\u010dce<\/h3><div class='av-masonry-entry-content entry-content'  itemprop=\"text\" >Kids from 3 years<\/div><\/div><\/div><\/figcaption><\/figure><\/a><!--end av-masonry entry--><a href=\"https:\/\/studio.riseloutek.cz\/en\/predstaveni\/o-koblizkovi-a-o-budulinkovi\/\"  id='av-masonry-1-item-579' data-av-masonry-item='579' class='av-masonry-entry isotope-item post-579 predstaveni type-predstaveni status-publish has-post-thumbnail hentry umisteni-homepage umisteni-repertoar  av-masonry-item-with-image' title=\"OKobliABudulinkovi 001-LR\"   itemscope=\"itemscope\" itemtype=\"https:\/\/schema.org\/CreativeWork\" ><div class='av-inner-masonry-sizer'><\/div><figure class='av-inner-masonry main_color'><div class=\"av-masonry-outerimage-container\"><div class='av-masonry-image-container' style=\"background-image: url(https:\/\/studio.riseloutek.cz\/wp-content\/uploads\/2025\/05\/OKobliABudulinkovi-001-LR-705x470.jpg);\"  title=\"OKobliABudulinkovi 001-LR\" ><\/div><\/div><figcaption class='av-inner-masonry-content site-background'><div class='av-inner-masonry-content-pos'><div class='av-inner-masonry-content-pos-content'><div class='avia-arrow'><\/div><h3 class='av-masonry-entry-title entry-title'  itemprop=\"headline\" >O Kobl\u00ed\u017ekovi a O Budul\u00ednkovi<\/h3><\/div><\/div><\/figcaption><\/figure><\/a><!--end av-masonry entry--><a href=\"https:\/\/studio.riseloutek.cz\/en\/predstaveni\/dasenka\/\"  id='av-masonry-1-item-439' data-av-masonry-item='439' class='av-masonry-entry isotope-item post-439 predstaveni type-predstaveni status-publish has-post-thumbnail hentry umisteni-homepage umisteni-repertoar  av-masonry-item-with-image' title=\"obr\u00e1zek_2025-03-24_223746079\"   itemscope=\"itemscope\" itemtype=\"https:\/\/schema.org\/CreativeWork\" ><div class='av-inner-masonry-sizer'><\/div><figure class='av-inner-masonry main_color'><div class=\"av-masonry-outerimage-container\"><div class='av-masonry-image-container' style=\"background-image: url(https:\/\/studio.riseloutek.cz\/wp-content\/uploads\/2025\/03\/obrazek_2025-03-24_223746079-705x397.png);\"  title=\"obr\u00e1zek_2025-03-24_223746079\" ><\/div><\/div><figcaption class='av-inner-masonry-content site-background'><div class='av-inner-masonry-content-pos'><div class='av-inner-masonry-content-pos-content'><div class='avia-arrow'><\/div><h3 class='av-masonry-entry-title entry-title'  itemprop=\"headline\" >D\u00e1\u0161enka<\/h3><div class='av-masonry-entry-content entry-content'  itemprop=\"text\" >Kids from 3 years and adults<\/div><\/div><\/div><\/figcaption><\/figure><\/a><!--end av-masonry entry--><\/div><\/div><\/p><\/div><div  class='flex_column av-un94-fff8a37f87efe3a6b70e9d5e6f5c094a av_one_fourth  avia-builder-el-4  el_after_av_two_third  avia-builder-el-last  flex_column_div'     ><section  class='av_textblock_section av-m84w78q7-bc061c179f42eae16d4bab96db09a0ba'   itemscope=\"itemscope\" itemtype=\"https:\/\/schema.org\/CreativeWork\" ><div class='avia_textblock'  itemprop=\"text\" ><h1>News<\/h1>\n<\/div><\/section><br \/>\n<div  data-slideshow-options=\"{&quot;animation&quot;:&quot;fade&quot;,&quot;autoplay&quot;:false,&quot;loop_autoplay&quot;:&quot;once&quot;,&quot;interval&quot;:5,&quot;loop_manual&quot;:&quot;manual-endless&quot;,&quot;autoplay_stopper&quot;:false,&quot;noNavigation&quot;:false,&quot;show_slide_delay&quot;:90}\" class='avia-content-slider avia-content-grid-active avia-content-slider1 avia-content-slider-odd  avia-builder-el-6  el_after_av_textblock  avia-builder-el-last  av-slideshow-ui av-control-default   av-no-slider-navigation av-slideshow-manual av-loop-once av-loop-manual-endless'  itemscope=\"itemscope\" itemtype=\"https:\/\/schema.org\/Blog\" ><div class=\"avia-content-slider-inner\"><div class=\"slide-entry-wrap\"><article class='slide-entry flex_column  post-entry post-entry-611 slide-entry-overview slide-loop-1 slide-parity-odd  av_fullwidth first real-thumbnail posttype-post post-format-standard'  itemscope=\"itemscope\" itemtype=\"https:\/\/schema.org\/CreativeWork\" ><a href='https:\/\/studio.riseloutek.cz\/en\/rekonstrukce\/' data-rel='slide-1' class='slide-image' title='We play in the Prague library!'><img decoding=\"async\" fetchpriority=\"high\" width=\"225\" height=\"300\" src=\"https:\/\/studio.riseloutek.cz\/wp-content\/uploads\/2025\/05\/Rekonstrukce_2025_00008-LR-225x300.jpeg\" class=\"wp-image-619 avia-img-lazy-loading-not-619 attachment-medium size-medium wp-post-image\" alt=\"\" srcset=\"\" sizes=\"(max-width: 225px) 100vw, 225px\" data-srcset=\"\" \/><\/a><div class=\"slide-content\"><header class=\"entry-content-header\" aria-label=\"Slide: Hrajeme v Knihovn\u011b!\"><h3 class='slide-entry-title entry-title'  itemprop=\"headline\" ><a href='https:\/\/studio.riseloutek.cz\/en\/rekonstrukce\/' title='We play in the Prague library!'>We play in the Prague library!<\/a><\/h3><span class=\"av-vertical-delimiter\"><\/span><\/header><div class=\"slide-meta\"><time class='slide-meta-time updated'  itemprop=\"datePublished\" datetime=\"2025-05-12T13:05:50+00:00\" >May 12, 2025<\/time><\/div><div class='slide-entry-excerpt entry-content'  itemprop=\"text\" >Unfortunatelly, our theatre in \u017dateck\u00e1 street remains closed...<div class=\"read-more-link\"><a href=\"https:\/\/studio.riseloutek.cz\/en\/rekonstrukce\/\" class=\"more-link\">V\u00edce<span class='more-link-arrow avia-svg-icon avia-font-svg_entypo-fontello' data-av_svg_icon='right-open-big' data-av_iconset='svg_entypo-fontello'><svg version=\"1.1\" xmlns=\"http:\/\/www.w3.org\/2000\/svg\" width=\"15\" height=\"32\" viewbox=\"0 0 15 32\" preserveaspectratio=\"xMidYMid meet\" role=\"graphics-symbol\" aria-hidden=\"true\">\n<path d=\"M0.416 27.84l11.456-11.84-11.456-11.904q-0.832-0.832 0-1.536 0.832-0.832 1.536 0l12.544 12.608q0.768 0.832 0 1.6l-12.544 12.608q-0.704 0.832-1.536 0-0.832-0.704 0-1.536z\"><\/path>\n<\/svg><\/span><\/a><\/div><\/div><\/div><footer class=\"entry-footer\"><\/footer><span class='hidden'>\n\t\t\t\t<span class='av-structured-data'  itemprop=\"image\" itemscope=\"itemscope\" itemtype=\"https:\/\/schema.org\/ImageObject\" >\n\t\t\t\t\t\t<span itemprop='url'>https:\/\/studio.riseloutek.cz\/wp-content\/uploads\/2025\/05\/Rekonstrukce_2025_00008-LR-rotated.jpeg<\/span>\n\t\t\t\t\t\t<span itemprop='height'>1200<\/span>\n\t\t\t\t\t\t<span itemprop='width'>900<\/span>\n\t\t\t\t<\/span>\n\t\t\t\t<span class='av-structured-data'  itemprop=\"publisher\" itemtype=\"https:\/\/schema.org\/Organization\" itemscope=\"itemscope\" >\n\t\t\t\t\t\t<span itemprop='name'>wpadmin<\/span>\n\t\t\t\t\t\t<span itemprop='logo' itemscope itemtype='https:\/\/schema.org\/ImageObject'>\n\t\t\t\t\t\t\t<span itemprop='url'>https:\/\/studio.riseloutek.cz\/wp-content\/uploads\/2025\/03\/Asset-5@4x-300x300.png<\/span>\n\t\t\t\t\t\t<\/span>\n\t\t\t\t<\/span><span class='av-structured-data'  itemprop=\"author\" itemscope=\"itemscope\" itemtype=\"https:\/\/schema.org\/Person\" ><span itemprop='name'>wpadmin<\/span><\/span><span class='av-structured-data'  itemprop=\"datePublished\" datetime=\"2025-03-11T19:48:53+00:00\" >2025-05-12 13:05:50<\/span><span class='av-structured-data'  itemprop=\"dateModified\" itemtype=\"https:\/\/schema.org\/dateModified\" >2026-03-31 12:44:02<\/span><span class='av-structured-data'  itemprop=\"mainEntityOfPage\" itemtype=\"https:\/\/schema.org\/mainEntityOfPage\" ><span itemprop='name'>We play in the Prague library!<\/span><\/span><\/span><\/article><\/div><div class=\"slide-entry-wrap\"><article class='slide-entry flex_column  post-entry post-entry-599 slide-entry-overview slide-loop-2 slide-parity-odd  post-entry-last  av_fullwidth first real-thumbnail posttype-post post-format-standard'  itemscope=\"itemscope\" itemtype=\"https:\/\/schema.org\/CreativeWork\" ><a href='https:\/\/studio.riseloutek.cz\/en\/recke-povesti\/' data-rel='slide-1' class='slide-image' title='Greek legends!'><img decoding=\"async\" fetchpriority=\"high\" width=\"300\" height=\"300\" src=\"https:\/\/studio.riseloutek.cz\/wp-content\/uploads\/2025\/05\/Recke-zkousky_00006-LR-300x300.jpg\" class=\"wp-image-607 avia-img-lazy-loading-not-607 attachment-medium size-medium wp-post-image\" alt=\"\" srcset=\"\" sizes=\"(max-width: 300px) 100vw, 300px\" data-srcset=\"\" \/><\/a><div class=\"slide-content\"><header class=\"entry-content-header\" aria-label=\"Slide: \u0158eck\u00e9 pov\u011bsti!\"><h3 class='slide-entry-title entry-title'  itemprop=\"headline\" ><a href='https:\/\/studio.riseloutek.cz\/en\/recke-povesti\/' title='Greek legends!'>Greek legends!<\/a><\/h3><span class=\"av-vertical-delimiter\"><\/span><\/header><div class=\"slide-meta\"><time class='slide-meta-time updated'  itemprop=\"datePublished\" datetime=\"2025-05-12T12:52:47+00:00\" >May 12, 2025<\/time><\/div><div class='slide-entry-excerpt entry-content'  itemprop=\"text\" >We are prepairing a new play for you...<div class=\"read-more-link\"><a href=\"https:\/\/studio.riseloutek.cz\/en\/recke-povesti\/\" class=\"more-link\">V\u00edce<span class='more-link-arrow avia-svg-icon avia-font-svg_entypo-fontello' data-av_svg_icon='right-open-big' data-av_iconset='svg_entypo-fontello'><svg version=\"1.1\" xmlns=\"http:\/\/www.w3.org\/2000\/svg\" width=\"15\" height=\"32\" viewbox=\"0 0 15 32\" preserveaspectratio=\"xMidYMid meet\" role=\"graphics-symbol\" aria-hidden=\"true\">\n<path d=\"M0.416 27.84l11.456-11.84-11.456-11.904q-0.832-0.832 0-1.536 0.832-0.832 1.536 0l12.544 12.608q0.768 0.832 0 1.6l-12.544 12.608q-0.704 0.832-1.536 0-0.832-0.704 0-1.536z\"><\/path>\n<\/svg><\/span><\/a><\/div><\/div><\/div><footer class=\"entry-footer\"><\/footer><span class='hidden'>\n\t\t\t\t<span class='av-structured-data'  itemprop=\"image\" itemscope=\"itemscope\" itemtype=\"https:\/\/schema.org\/ImageObject\" >\n\t\t\t\t\t\t<span itemprop='url'>https:\/\/studio.riseloutek.cz\/wp-content\/uploads\/2025\/05\/Recke-zkousky_00006-LR.jpg<\/span>\n\t\t\t\t\t\t<span itemprop='height'>1200<\/span>\n\t\t\t\t\t\t<span itemprop='width'>1200<\/span>\n\t\t\t\t<\/span>\n\t\t\t\t<span class='av-structured-data'  itemprop=\"publisher\" itemtype=\"https:\/\/schema.org\/Organization\" itemscope=\"itemscope\" >\n\t\t\t\t\t\t<span itemprop='name'>wpadmin<\/span>\n\t\t\t\t\t\t<span itemprop='logo' itemscope itemtype='https:\/\/schema.org\/ImageObject'>\n\t\t\t\t\t\t\t<span itemprop='url'>https:\/\/studio.riseloutek.cz\/wp-content\/uploads\/2025\/03\/Asset-5@4x-300x300.png<\/span>\n\t\t\t\t\t\t<\/span>\n\t\t\t\t<\/span><span class='av-structured-data'  itemprop=\"author\" itemscope=\"itemscope\" itemtype=\"https:\/\/schema.org\/Person\" ><span itemprop='name'>wpadmin<\/span><\/span><span class='av-structured-data'  itemprop=\"datePublished\" datetime=\"2025-03-11T19:48:53+00:00\" >2025-05-12 12:52:47<\/span><span class='av-structured-data'  itemprop=\"dateModified\" itemtype=\"https:\/\/schema.org\/dateModified\" >2026-03-31 12:44:16<\/span><span class='av-structured-data'  itemprop=\"mainEntityOfPage\" itemtype=\"https:\/\/schema.org\/mainEntityOfPage\" ><span itemprop='name'>Greek legends!<\/span><\/span><\/span><\/article><\/div><\/div><\/div><\/p><\/div>","protected":false},"excerpt":{"rendered":"","protected":false},"author":2,"featured_media":0,"parent":0,"menu_order":0,"comment_status":"closed","ping_status":"closed","template":"","meta":{"_acf_changed":false,"footnotes":""},"class_list":["post-16","page","type-page","status-publish","hentry"],"acf":[],"_links":{"self":[{"href":"https:\/\/studio.riseloutek.cz\/en\/wp-json\/wp\/v2\/pages\/16","targetHints":{"allow":["GET"]}}],"collection":[{"href":"https:\/\/studio.riseloutek.cz\/en\/wp-json\/wp\/v2\/pages"}],"about":[{"href":"https:\/\/studio.riseloutek.cz\/en\/wp-json\/wp\/v2\/types\/page"}],"author":[{"embeddable":true,"href":"https:\/\/studio.riseloutek.cz\/en\/wp-json\/wp\/v2\/users\/2"}],"replies":[{"embeddable":true,"href":"https:\/\/studio.riseloutek.cz\/en\/wp-json\/wp\/v2\/comments?post=16"}],"version-history":[{"count":15,"href":"https:\/\/studio.riseloutek.cz\/en\/wp-json\/wp\/v2\/pages\/16\/revisions"}],"predecessor-version":[{"id":15433,"href":"https:\/\/studio.riseloutek.cz\/en\/wp-json\/wp\/v2\/pages\/16\/revisions\/15433"}],"wp:attachment":[{"href":"https:\/\/studio.riseloutek.cz\/en\/wp-json\/wp\/v2\/media?parent=16"}],"curies":[{"name":"wp","href":"https:\/\/api.w.org\/{rel}","templated":true}]}}