{"id":42,"date":"2025-03-11T20:24:50","date_gmt":"2025-03-11T20:24:50","guid":{"rendered":"https:\/\/studio.riseloutek.cz\/?page_id=42"},"modified":"2026-03-31T12:43:26","modified_gmt":"2026-03-31T12:43:26","slug":"repertoar","status":"publish","type":"page","link":"https:\/\/studio.riseloutek.cz\/en\/repertoar\/","title":{"rendered":"Repertoar"},"content":{"rendered":"<div id='av_section_1'  class='avia-section av-2xpti-93b6df65c83f011dcf2078d79eb06a8b main_color avia-section-default avia-no-border-styling  avia-builder-el-0  avia-builder-el-no-sibling  avia-bg-style-scroll container_wrap fullsize'  ><div class='container av-section-cont-open' ><main  role=\"main\" itemprop=\"mainContentOfPage\"  class='template-page content  av-content-full alpha units'><div class='post-entry post-entry-type-page post-entry-42'><div class='entry-content-wrapper clearfix'>\n<div  class='flex_column av-1xpg2-c4aeeaf583c024657993ab6faf53e658 av_one_full  avia-builder-el-1  el_before_av_one_full  avia-builder-el-first  first flex_column_div'     ><style type=\"text\/css\" data-created_by=\"avia_inline_auto\" id=\"style-css-av-1gnv6-fc351dc2d95a657b59ab83aba5ecd387\">\n@keyframes av_boxShadowEffect_av-1gnv6-fc351dc2d95a657b59ab83aba5ecd387 {\n0%   { box-shadow:  0 0 0 0 ; opacity: 1; }\n100% { box-shadow:  0 0 10px 0 ; opacity: 1; }\n}\n.avia-image-container.av-1gnv6-fc351dc2d95a657b59ab83aba5ecd387 img.avia_image{\nbox-shadow: 0 0 10px 0 ;\n}\n.avia-image-container.av-1gnv6-fc351dc2d95a657b59ab83aba5ecd387 .av-image-caption-overlay-center{\ncolor:#ffffff;\n}\n<\/style>\n<div  class='avia-image-container av-1gnv6-fc351dc2d95a657b59ab83aba5ecd387 av-styling- avia-align-center  avia-builder-el-2  avia-builder-el-no-sibling  av-img-box-shadow av-box-shadow-not-animated'   itemprop=\"image\" itemscope=\"itemscope\" itemtype=\"https:\/\/schema.org\/ImageObject\" ><div class=\"avia-image-container-inner\"><div class=\"avia-image-overlay-wrap\"><img decoding=\"async\" fetchpriority=\"high\" class='wp-image-264 avia-img-lazy-loading-not-264 avia_image shadow-not-animated' src=\"https:\/\/studio.riseloutek.cz\/wp-content\/uploads\/2025\/03\/TST_nahlednuti_do_historie_1-s_010-e1747053912311.jpg\" alt='' title='TST_nahlednuti_do_historie_1-s_010'  height=\"450\" width=\"764\"  itemprop=\"thumbnailUrl\" srcset=\"https:\/\/studio.riseloutek.cz\/wp-content\/uploads\/2025\/03\/TST_nahlednuti_do_historie_1-s_010-e1747053912311.jpg 764w, https:\/\/studio.riseloutek.cz\/wp-content\/uploads\/2025\/03\/TST_nahlednuti_do_historie_1-s_010-e1747053912311-300x177.jpg 300w, https:\/\/studio.riseloutek.cz\/wp-content\/uploads\/2025\/03\/TST_nahlednuti_do_historie_1-s_010-e1747053912311-705x415.jpg 705w\" sizes=\"(max-width: 764px) 100vw, 764px\" \/><\/div><\/div><\/div><\/div><div  class='flex_column av-sikq-c787b190c5b67caa2cd67d01a480faa4 av_one_full  avia-builder-el-3  el_after_av_one_full  avia-builder-el-last  first flex_column_div  column-top-margin'     ><section  class='av_textblock_section av-m84xvgmb-3ec42d0145dd54bf1399374ebb120640'   itemscope=\"itemscope\" itemtype=\"https:\/\/schema.org\/CreativeWork\" ><div class='avia_textblock'  itemprop=\"text\" ><h1 style=\"text-align: center;\">Repertoar<\/h1>\n<\/div><\/section><br \/>\n\n<style type=\"text\/css\" data-created_by=\"avia_inline_auto\" id=\"style-css-av-ma3r1rp6-0f14732f871f72352acb4afcbcb8e458\">\n#top .hr.hr-invisible.av-ma3r1rp6-0f14732f871f72352acb4afcbcb8e458{\nheight:25px;\n}\n<\/style>\n<div  class='hr av-ma3r1rp6-0f14732f871f72352acb4afcbcb8e458 hr-invisible  avia-builder-el-5  el_after_av_textblock  el_before_av_blog'><span class='hr-inner'><span class=\"hr-inner-style\"><\/span><\/span><\/div><br \/>\n<div  data-slideshow-options=\"{&quot;animation&quot;:&quot;fade&quot;,&quot;autoplay&quot;:false,&quot;loop_autoplay&quot;:&quot;once&quot;,&quot;interval&quot;:5,&quot;loop_manual&quot;:&quot;manual-endless&quot;,&quot;autoplay_stopper&quot;:false,&quot;noNavigation&quot;:false,&quot;show_slide_delay&quot;:90}\" class='avia-content-slider avia-content-grid-active avia-content-slider1 avia-content-slider-odd  avia-builder-el-6  el_after_av_hr  avia-builder-el-last  repertoar-portfolio av-slideshow-ui av-control-default   av-no-slider-navigation av-slideshow-manual av-loop-once av-loop-manual-endless'  itemscope=\"itemscope\" itemtype=\"https:\/\/schema.org\/Blog\" ><div class=\"avia-content-slider-inner\"><div class=\"slide-entry-wrap\"><article class='slide-entry flex_column  post-entry post-entry-589 slide-entry-overview slide-loop-1 slide-parity-odd  av_fullwidth first real-thumbnail posttype-predstaveni post-format-standard'  itemscope=\"itemscope\" itemtype=\"https:\/\/schema.org\/CreativeWork\" ><a href='https:\/\/studio.riseloutek.cz\/en\/predstaveni\/o-kocouru-kohoutu-a-kose\/' data-rel='slide-1' class='slide-image' title='O kocouru, kohoutu a kose'><img decoding=\"async\" fetchpriority=\"high\" width=\"710\" height=\"375\" src=\"https:\/\/studio.riseloutek.cz\/wp-content\/uploads\/2025\/05\/3K_00003-LR-710x375.jpeg\" class=\"wp-image-592 avia-img-lazy-loading-not-592 attachment-magazine size-magazine wp-post-image\" alt=\"\" \/><\/a><div class=\"slide-content\"><header class=\"entry-content-header\" aria-label=\"Slide: O kocouru, kohoutu a kose\"><h3 class='slide-entry-title entry-title'  itemprop=\"headline\" ><a href='https:\/\/studio.riseloutek.cz\/en\/predstaveni\/o-kocouru-kohoutu-a-kose\/' title='O kocouru, kohoutu a kose'>O kocouru, kohoutu a kose<\/a><\/h3><span class=\"av-vertical-delimiter\"><\/span><\/header><div class=\"slide-meta\"><time class='slide-meta-time updated'  itemprop=\"datePublished\" datetime=\"2025-05-12T12:25:14+00:00\" >May 12, 2025<\/time><\/div><div class='slide-entry-excerpt entry-content'  itemprop=\"text\" ><div class=\"custom-acf-fields\"><p><strong>O H\u0159e:<\/strong> Divadeln\u00ed hra\u201eO kocouru, kohoutu a kose\u201c vznikla na motivy stejnojmenn\u00e9 poh\u00e1dky Bo\u017eeny N\u011bmcov\u00e9. Jde o ma\u0148\u00e1skovou lidovou poh\u00e1dku s p\u00edsni\u010dkami a ponau\u010den\u00edm, \u017ee kdy\u017e p\u0159ilo\u017e\u00ed\u0161...<\/p><p><strong>Autor:<\/strong> Zita Mor\u00e1vkov\u00e1<\/p><p><strong>Doba hran\u00ed:<\/strong> 60 minut<\/p><\/div><div class=\"read-more-link\"><a href=\"https:\/\/studio.riseloutek.cz\/en\/predstaveni\/o-kocouru-kohoutu-a-kose\/\" class=\"more-link\">V\u00edce<span class='more-link-arrow avia-svg-icon avia-font-svg_entypo-fontello' data-av_svg_icon='right-open-big' data-av_iconset='svg_entypo-fontello'><svg version=\"1.1\" xmlns=\"http:\/\/www.w3.org\/2000\/svg\" width=\"15\" height=\"32\" viewbox=\"0 0 15 32\" preserveaspectratio=\"xMidYMid meet\" role=\"graphics-symbol\" aria-hidden=\"true\">\n<path d=\"M0.416 27.84l11.456-11.84-11.456-11.904q-0.832-0.832 0-1.536 0.832-0.832 1.536 0l12.544 12.608q0.768 0.832 0 1.6l-12.544 12.608q-0.704 0.832-1.536 0-0.832-0.704 0-1.536z\"><\/path>\n<\/svg><\/span><\/a><\/div><\/div><\/div><footer class=\"entry-footer\"><\/footer><span class='hidden'>\n\t\t\t\t<span class='av-structured-data'  itemprop=\"image\" itemscope=\"itemscope\" itemtype=\"https:\/\/schema.org\/ImageObject\" >\n\t\t\t\t\t\t<span itemprop='url'>https:\/\/studio.riseloutek.cz\/wp-content\/uploads\/2025\/05\/3K_00003-LR-rotated.jpeg<\/span>\n\t\t\t\t\t\t<span itemprop='height'>1200<\/span>\n\t\t\t\t\t\t<span itemprop='width'>900<\/span>\n\t\t\t\t<\/span>\n\t\t\t\t<span class='av-structured-data'  itemprop=\"publisher\" itemtype=\"https:\/\/schema.org\/Organization\" itemscope=\"itemscope\" >\n\t\t\t\t\t\t<span itemprop='name'>wpadmin<\/span>\n\t\t\t\t\t\t<span itemprop='logo' itemscope itemtype='https:\/\/schema.org\/ImageObject'>\n\t\t\t\t\t\t\t<span itemprop='url'>https:\/\/studio.riseloutek.cz\/wp-content\/uploads\/2025\/03\/Asset-5@4x-300x300.png<\/span>\n\t\t\t\t\t\t<\/span>\n\t\t\t\t<\/span><span class='av-structured-data'  itemprop=\"author\" itemscope=\"itemscope\" itemtype=\"https:\/\/schema.org\/Person\" ><span itemprop='name'>wpadmin<\/span><\/span><span class='av-structured-data'  itemprop=\"datePublished\" datetime=\"2025-03-11T20:24:50+00:00\" >2025-05-12 12:25:14<\/span><span class='av-structured-data'  itemprop=\"dateModified\" itemtype=\"https:\/\/schema.org\/dateModified\" >2025-05-12 12:25:14<\/span><span class='av-structured-data'  itemprop=\"mainEntityOfPage\" itemtype=\"https:\/\/schema.org\/mainEntityOfPage\" ><span itemprop='name'>O kocouru, kohoutu a kose<\/span><\/span><\/span><\/article><\/div><div class=\"slide-entry-wrap\"><article class='slide-entry flex_column  post-entry post-entry-579 slide-entry-overview slide-loop-2 slide-parity-odd  av_fullwidth first real-thumbnail posttype-predstaveni post-format-standard'  itemscope=\"itemscope\" itemtype=\"https:\/\/schema.org\/CreativeWork\" ><a href='https:\/\/studio.riseloutek.cz\/en\/predstaveni\/o-koblizkovi-a-o-budulinkovi\/' data-rel='slide-1' class='slide-image' title='O Kobl\u00ed\u017ekovi a O Budul\u00ednkovi'><img decoding=\"async\" fetchpriority=\"high\" width=\"710\" height=\"375\" src=\"https:\/\/studio.riseloutek.cz\/wp-content\/uploads\/2025\/05\/OKobliABudulinkovi-001-LR-710x375.jpg\" class=\"wp-image-580 avia-img-lazy-loading-not-580 attachment-magazine size-magazine wp-post-image\" alt=\"\" \/><\/a><div class=\"slide-content\"><header class=\"entry-content-header\" aria-label=\"Slide: O Kobl\u00ed\u017ekovi a O Budul\u00ednkovi\"><h3 class='slide-entry-title entry-title'  itemprop=\"headline\" ><a href='https:\/\/studio.riseloutek.cz\/en\/predstaveni\/o-koblizkovi-a-o-budulinkovi\/' title='O Kobl\u00ed\u017ekovi a O Budul\u00ednkovi'>O Kobl\u00ed\u017ekovi a O Budul\u00ednkovi<\/a><\/h3><span class=\"av-vertical-delimiter\"><\/span><\/header><div class=\"slide-meta\"><time class='slide-meta-time updated'  itemprop=\"datePublished\" datetime=\"2025-05-12T12:19:06+00:00\" >May 12, 2025<\/time><\/div><div class='slide-entry-excerpt entry-content'  itemprop=\"text\" ><div class=\"custom-acf-fields\"><p><strong>O H\u0159e:<\/strong> O Kobl\u00ed\u017ekovi &#8211; T\u00e1\u0148a Zles\u00e1kov\u00e1 Babi\u010dka upekla d\u011bde\u010dkovi kobl\u00ed\u017eek. Dala ho na ok\u00e9nko vychladnout a ode\u0161la s\u00a0d\u011bde\u010dkem do lesa na maliny. Nafoukan\u00fd Kobl\u00ed\u017eek babi\u010dce a...<\/p><p><strong>Autor:<\/strong> T\u00e1\u0148a Zles\u00e1kov\u00e1, Hana Dot\u0159elov\u00e1<\/p><p><strong>Doba hran\u00ed:<\/strong> 55 minut<\/p><\/div><div class=\"read-more-link\"><a href=\"https:\/\/studio.riseloutek.cz\/en\/predstaveni\/o-koblizkovi-a-o-budulinkovi\/\" class=\"more-link\">V\u00edce<span class='more-link-arrow avia-svg-icon avia-font-svg_entypo-fontello' data-av_svg_icon='right-open-big' data-av_iconset='svg_entypo-fontello'><svg version=\"1.1\" xmlns=\"http:\/\/www.w3.org\/2000\/svg\" width=\"15\" height=\"32\" viewbox=\"0 0 15 32\" preserveaspectratio=\"xMidYMid meet\" role=\"graphics-symbol\" aria-hidden=\"true\">\n<path d=\"M0.416 27.84l11.456-11.84-11.456-11.904q-0.832-0.832 0-1.536 0.832-0.832 1.536 0l12.544 12.608q0.768 0.832 0 1.6l-12.544 12.608q-0.704 0.832-1.536 0-0.832-0.704 0-1.536z\"><\/path>\n<\/svg><\/span><\/a><\/div><\/div><\/div><footer class=\"entry-footer\"><\/footer><span class='hidden'>\n\t\t\t\t<span class='av-structured-data'  itemprop=\"image\" itemscope=\"itemscope\" itemtype=\"https:\/\/schema.org\/ImageObject\" >\n\t\t\t\t\t\t<span itemprop='url'>https:\/\/studio.riseloutek.cz\/wp-content\/uploads\/2025\/05\/OKobliABudulinkovi-001-LR.jpg<\/span>\n\t\t\t\t\t\t<span itemprop='height'>800<\/span>\n\t\t\t\t\t\t<span itemprop='width'>1200<\/span>\n\t\t\t\t<\/span>\n\t\t\t\t<span class='av-structured-data'  itemprop=\"publisher\" itemtype=\"https:\/\/schema.org\/Organization\" itemscope=\"itemscope\" >\n\t\t\t\t\t\t<span itemprop='name'>wpadmin<\/span>\n\t\t\t\t\t\t<span itemprop='logo' itemscope itemtype='https:\/\/schema.org\/ImageObject'>\n\t\t\t\t\t\t\t<span itemprop='url'>https:\/\/studio.riseloutek.cz\/wp-content\/uploads\/2025\/03\/Asset-5@4x-300x300.png<\/span>\n\t\t\t\t\t\t<\/span>\n\t\t\t\t<\/span><span class='av-structured-data'  itemprop=\"author\" itemscope=\"itemscope\" itemtype=\"https:\/\/schema.org\/Person\" ><span itemprop='name'>wpadmin<\/span><\/span><span class='av-structured-data'  itemprop=\"datePublished\" datetime=\"2025-03-11T20:24:50+00:00\" >2025-05-12 12:19:06<\/span><span class='av-structured-data'  itemprop=\"dateModified\" itemtype=\"https:\/\/schema.org\/dateModified\" >2025-05-12 12:19:53<\/span><span class='av-structured-data'  itemprop=\"mainEntityOfPage\" itemtype=\"https:\/\/schema.org\/mainEntityOfPage\" ><span itemprop='name'>O Kobl\u00ed\u017ekovi a O Budul\u00ednkovi<\/span><\/span><\/span><\/article><\/div><div class=\"slide-entry-wrap\"><article class='slide-entry flex_column  post-entry post-entry-474 slide-entry-overview slide-loop-3 slide-parity-odd  av_fullwidth first real-thumbnail posttype-predstaveni post-format-standard'  itemscope=\"itemscope\" itemtype=\"https:\/\/schema.org\/CreativeWork\" ><a href='https:\/\/studio.riseloutek.cz\/en\/predstaveni\/medvidek-tupinek\/' data-rel='slide-1' class='slide-image' title='Medv\u00eddek \u0164up\u00ednek'><img decoding=\"async\" fetchpriority=\"high\" width=\"710\" height=\"375\" src=\"https:\/\/studio.riseloutek.cz\/wp-content\/uploads\/2025\/05\/Medvidek_tupinek_00004-710x375.jpg\" class=\"wp-image-577 avia-img-lazy-loading-not-577 attachment-magazine size-magazine wp-post-image\" alt=\"\" \/><\/a><div class=\"slide-content\"><header class=\"entry-content-header\" aria-label=\"Slide: Medv\u00eddek \u0164up\u00ednek\"><h3 class='slide-entry-title entry-title'  itemprop=\"headline\" ><a href='https:\/\/studio.riseloutek.cz\/en\/predstaveni\/medvidek-tupinek\/' title='Medv\u00eddek \u0164up\u00ednek'>Medv\u00eddek \u0164up\u00ednek<\/a><\/h3><span class=\"av-vertical-delimiter\"><\/span><\/header><div class=\"slide-meta\"><time class='slide-meta-time updated'  itemprop=\"datePublished\" datetime=\"2025-04-08T10:32:33+00:00\" >April 8, 2025<\/time><\/div><div class='slide-entry-excerpt entry-content'  itemprop=\"text\" ><div class=\"custom-acf-fields\"><p><strong>O H\u0159e:<\/strong> Medv\u00eddek \u0164up\u00ednek \u017eije s\u00e1m se sv\u00fdm tat\u00ednkem a moc tou\u017e\u00ed po kamar\u00e1dovi. T\u00edm se mu stane opu\u0161t\u011bn\u00fd pejsek, ale tat\u00ednek synkovi takov\u00e9 kamar\u00e1d\u011bn\u00ed nedovol\u00ed, proto\u017ee...<\/p><p><strong>Autor:<\/strong> Jan Wilkowski<\/p><p><strong>Doba hran\u00ed:<\/strong> 60 minut<\/p><\/div><div class=\"read-more-link\"><a href=\"https:\/\/studio.riseloutek.cz\/en\/predstaveni\/medvidek-tupinek\/\" class=\"more-link\">V\u00edce<span class='more-link-arrow avia-svg-icon avia-font-svg_entypo-fontello' data-av_svg_icon='right-open-big' data-av_iconset='svg_entypo-fontello'><svg version=\"1.1\" xmlns=\"http:\/\/www.w3.org\/2000\/svg\" width=\"15\" height=\"32\" viewbox=\"0 0 15 32\" preserveaspectratio=\"xMidYMid meet\" role=\"graphics-symbol\" aria-hidden=\"true\">\n<path d=\"M0.416 27.84l11.456-11.84-11.456-11.904q-0.832-0.832 0-1.536 0.832-0.832 1.536 0l12.544 12.608q0.768 0.832 0 1.6l-12.544 12.608q-0.704 0.832-1.536 0-0.832-0.704 0-1.536z\"><\/path>\n<\/svg><\/span><\/a><\/div><\/div><\/div><footer class=\"entry-footer\"><\/footer><span class='hidden'>\n\t\t\t\t<span class='av-structured-data'  itemprop=\"image\" itemscope=\"itemscope\" itemtype=\"https:\/\/schema.org\/ImageObject\" >\n\t\t\t\t\t\t<span itemprop='url'>https:\/\/studio.riseloutek.cz\/wp-content\/uploads\/2025\/05\/Medvidek_tupinek_00004.jpg<\/span>\n\t\t\t\t\t\t<span itemprop='height'>800<\/span>\n\t\t\t\t\t\t<span itemprop='width'>1200<\/span>\n\t\t\t\t<\/span>\n\t\t\t\t<span class='av-structured-data'  itemprop=\"publisher\" itemtype=\"https:\/\/schema.org\/Organization\" itemscope=\"itemscope\" >\n\t\t\t\t\t\t<span itemprop='name'>wpadmin<\/span>\n\t\t\t\t\t\t<span itemprop='logo' itemscope itemtype='https:\/\/schema.org\/ImageObject'>\n\t\t\t\t\t\t\t<span itemprop='url'>https:\/\/studio.riseloutek.cz\/wp-content\/uploads\/2025\/03\/Asset-5@4x-300x300.png<\/span>\n\t\t\t\t\t\t<\/span>\n\t\t\t\t<\/span><span class='av-structured-data'  itemprop=\"author\" itemscope=\"itemscope\" itemtype=\"https:\/\/schema.org\/Person\" ><span itemprop='name'>wpadmin<\/span><\/span><span class='av-structured-data'  itemprop=\"datePublished\" datetime=\"2025-03-11T20:24:50+00:00\" >2025-04-08 10:32:33<\/span><span class='av-structured-data'  itemprop=\"dateModified\" itemtype=\"https:\/\/schema.org\/dateModified\" >2025-05-12 12:04:57<\/span><span class='av-structured-data'  itemprop=\"mainEntityOfPage\" itemtype=\"https:\/\/schema.org\/mainEntityOfPage\" ><span itemprop='name'>Medv\u00eddek \u0164up\u00ednek<\/span><\/span><\/span><\/article><\/div><div class=\"slide-entry-wrap\"><article class='slide-entry flex_column  post-entry post-entry-439 slide-entry-overview slide-loop-4 slide-parity-odd  av_fullwidth first real-thumbnail posttype-predstaveni post-format-standard'  itemscope=\"itemscope\" itemtype=\"https:\/\/schema.org\/CreativeWork\" ><a href='https:\/\/studio.riseloutek.cz\/en\/predstaveni\/dasenka\/' data-rel='slide-1' class='slide-image' title='D\u00e1\u0161enka'><img decoding=\"async\" fetchpriority=\"high\" width=\"710\" height=\"375\" src=\"https:\/\/studio.riseloutek.cz\/wp-content\/uploads\/2025\/03\/obrazek_2025-03-24_223746079-710x375.png\" class=\"wp-image-427 avia-img-lazy-loading-not-427 attachment-magazine size-magazine wp-post-image\" alt=\"\" \/><\/a><div class=\"slide-content\"><header class=\"entry-content-header\" aria-label=\"Slide: D\u00e1\u0161enka\"><h3 class='slide-entry-title entry-title'  itemprop=\"headline\" ><a href='https:\/\/studio.riseloutek.cz\/en\/predstaveni\/dasenka\/' title='D\u00e1\u0161enka'>D\u00e1\u0161enka<\/a><\/h3><span class=\"av-vertical-delimiter\"><\/span><\/header><div class=\"slide-meta\"><time class='slide-meta-time updated'  itemprop=\"datePublished\" datetime=\"2025-03-24T21:55:44+00:00\" >March 24, 2025<\/time><\/div><div class='slide-entry-excerpt entry-content'  itemprop=\"text\" >Kids from 3 years and adults<div class=\"custom-acf-fields\"><p><strong>O H\u0159e:<\/strong> Ka\u017ed\u00fd si p\u0159eje m\u00edt pejska\u2026 A pejsek si p\u0159eje m\u00edt lidi! A tak je jasn\u00e9, \u017ee kdy\u017e se v dom\u00e1cnosti objev\u00ed D\u00e1\u0161e\u0148ka,\u00a0malink\u00e9 \u0161t\u011b\u0148\u00e1tko foxteri\u00e9ra, je...<\/p><p><strong>Autor:<\/strong> Jakub Hojka<\/p><p><strong>Doba hran\u00ed:<\/strong> 45 minut bez p\u0159est\u00e1vky<\/p><\/div><div class=\"read-more-link\"><a href=\"https:\/\/studio.riseloutek.cz\/en\/predstaveni\/dasenka\/\" class=\"more-link\">V\u00edce<span class='more-link-arrow avia-svg-icon avia-font-svg_entypo-fontello' data-av_svg_icon='right-open-big' data-av_iconset='svg_entypo-fontello'><svg version=\"1.1\" xmlns=\"http:\/\/www.w3.org\/2000\/svg\" width=\"15\" height=\"32\" viewbox=\"0 0 15 32\" preserveaspectratio=\"xMidYMid meet\" role=\"graphics-symbol\" aria-hidden=\"true\">\n<path d=\"M0.416 27.84l11.456-11.84-11.456-11.904q-0.832-0.832 0-1.536 0.832-0.832 1.536 0l12.544 12.608q0.768 0.832 0 1.6l-12.544 12.608q-0.704 0.832-1.536 0-0.832-0.704 0-1.536z\"><\/path>\n<\/svg><\/span><\/a><\/div><\/div><\/div><footer class=\"entry-footer\"><\/footer><span class='hidden'>\n\t\t\t\t<span class='av-structured-data'  itemprop=\"image\" itemscope=\"itemscope\" itemtype=\"https:\/\/schema.org\/ImageObject\" >\n\t\t\t\t\t\t<span itemprop='url'>https:\/\/studio.riseloutek.cz\/wp-content\/uploads\/2025\/03\/obrazek_2025-03-24_223746079.png<\/span>\n\t\t\t\t\t\t<span itemprop='height'>540<\/span>\n\t\t\t\t\t\t<span itemprop='width'>960<\/span>\n\t\t\t\t<\/span>\n\t\t\t\t<span class='av-structured-data'  itemprop=\"publisher\" itemtype=\"https:\/\/schema.org\/Organization\" itemscope=\"itemscope\" >\n\t\t\t\t\t\t<span itemprop='name'>Mikolas Pesek<\/span>\n\t\t\t\t\t\t<span itemprop='logo' itemscope itemtype='https:\/\/schema.org\/ImageObject'>\n\t\t\t\t\t\t\t<span itemprop='url'>https:\/\/studio.riseloutek.cz\/wp-content\/uploads\/2025\/03\/Asset-5@4x-300x300.png<\/span>\n\t\t\t\t\t\t<\/span>\n\t\t\t\t<\/span><span class='av-structured-data'  itemprop=\"author\" itemscope=\"itemscope\" itemtype=\"https:\/\/schema.org\/Person\" ><span itemprop='name'>Mikolas Pesek<\/span><\/span><span class='av-structured-data'  itemprop=\"datePublished\" datetime=\"2025-03-11T20:24:50+00:00\" >2025-03-24 21:55:44<\/span><span class='av-structured-data'  itemprop=\"dateModified\" itemtype=\"https:\/\/schema.org\/dateModified\" >2025-03-24 22:08:33<\/span><span class='av-structured-data'  itemprop=\"mainEntityOfPage\" itemtype=\"https:\/\/schema.org\/mainEntityOfPage\" ><span itemprop='name'>D\u00e1\u0161enka<\/span><\/span><\/span><\/article><\/div><div class=\"slide-entry-wrap\"><article class='slide-entry flex_column  post-entry post-entry-122 slide-entry-overview slide-loop-5 slide-parity-odd  post-entry-last  av_fullwidth first real-thumbnail posttype-predstaveni post-format-standard'  itemscope=\"itemscope\" itemtype=\"https:\/\/schema.org\/CreativeWork\" ><a href='https:\/\/studio.riseloutek.cz\/en\/predstaveni\/o-pejskovi-a-kocicce\/' data-rel='slide-1' class='slide-image' title='O pejskovi a ko\u010di\u010dce'><img decoding=\"async\" fetchpriority=\"high\" width=\"710\" height=\"375\" src=\"https:\/\/studio.riseloutek.cz\/wp-content\/uploads\/2025\/03\/Pejsek-a-kocicka-7958-710x375.jpg\" class=\"wp-image-171 avia-img-lazy-loading-not-171 attachment-magazine size-magazine wp-post-image\" alt=\"\" \/><\/a><div class=\"slide-content\"><header class=\"entry-content-header\" aria-label=\"Slide: O pejskovi a ko\u010di\u010dce\"><h3 class='slide-entry-title entry-title'  itemprop=\"headline\" ><a href='https:\/\/studio.riseloutek.cz\/en\/predstaveni\/o-pejskovi-a-kocicce\/' title='O pejskovi a ko\u010di\u010dce'>O pejskovi a ko\u010di\u010dce<\/a><\/h3><span class=\"av-vertical-delimiter\"><\/span><\/header><div class=\"slide-meta\"><time class='slide-meta-time updated'  itemprop=\"datePublished\" datetime=\"2025-03-20T10:42:56+00:00\" >March 20, 2025<\/time><\/div><div class='slide-entry-excerpt entry-content'  itemprop=\"text\" >Kids from 3 years\r\n<div class=\"custom-acf-fields\"><p><strong>O H\u0159e:<\/strong> Pejsek a ko\u010di\u010dka spolu bydl\u00ed v\u00a0dome\u010dku a sna\u017e\u00ed se v\u0161echno d\u011blat tak, jak to d\u011blaj\u00ed lid\u00e9. N\u011bkdy se jim to da\u0159\u00ed docela dob\u0159e, ale v\u011bt\u0161inou...<\/p><p><strong>Autor:<\/strong> Josef \u010capek<\/p><p><strong>Doba hran\u00ed:<\/strong> 60 minut<\/p><\/div><div class=\"read-more-link\"><a href=\"https:\/\/studio.riseloutek.cz\/en\/predstaveni\/o-pejskovi-a-kocicce\/\" class=\"more-link\">V\u00edce<span class='more-link-arrow avia-svg-icon avia-font-svg_entypo-fontello' data-av_svg_icon='right-open-big' data-av_iconset='svg_entypo-fontello'><svg version=\"1.1\" xmlns=\"http:\/\/www.w3.org\/2000\/svg\" width=\"15\" height=\"32\" viewbox=\"0 0 15 32\" preserveaspectratio=\"xMidYMid meet\" role=\"graphics-symbol\" aria-hidden=\"true\">\n<path d=\"M0.416 27.84l11.456-11.84-11.456-11.904q-0.832-0.832 0-1.536 0.832-0.832 1.536 0l12.544 12.608q0.768 0.832 0 1.6l-12.544 12.608q-0.704 0.832-1.536 0-0.832-0.704 0-1.536z\"><\/path>\n<\/svg><\/span><\/a><\/div><\/div><\/div><footer class=\"entry-footer\"><\/footer><span class='hidden'>\n\t\t\t\t<span class='av-structured-data'  itemprop=\"image\" itemscope=\"itemscope\" itemtype=\"https:\/\/schema.org\/ImageObject\" >\n\t\t\t\t\t\t<span itemprop='url'>https:\/\/studio.riseloutek.cz\/wp-content\/uploads\/2025\/03\/Pejsek-a-kocicka-7958.jpg<\/span>\n\t\t\t\t\t\t<span itemprop='height'>800<\/span>\n\t\t\t\t\t\t<span itemprop='width'>1200<\/span>\n\t\t\t\t<\/span>\n\t\t\t\t<span class='av-structured-data'  itemprop=\"publisher\" itemtype=\"https:\/\/schema.org\/Organization\" itemscope=\"itemscope\" >\n\t\t\t\t\t\t<span itemprop='name'>wpadmin<\/span>\n\t\t\t\t\t\t<span itemprop='logo' itemscope itemtype='https:\/\/schema.org\/ImageObject'>\n\t\t\t\t\t\t\t<span itemprop='url'>https:\/\/studio.riseloutek.cz\/wp-content\/uploads\/2025\/03\/Asset-5@4x-300x300.png<\/span>\n\t\t\t\t\t\t<\/span>\n\t\t\t\t<\/span><span class='av-structured-data'  itemprop=\"author\" itemscope=\"itemscope\" itemtype=\"https:\/\/schema.org\/Person\" ><span itemprop='name'>wpadmin<\/span><\/span><span class='av-structured-data'  itemprop=\"datePublished\" datetime=\"2025-03-11T20:24:50+00:00\" >2025-03-20 10:42:56<\/span><span class='av-structured-data'  itemprop=\"dateModified\" itemtype=\"https:\/\/schema.org\/dateModified\" >2025-04-22 07:58:09<\/span><span class='av-structured-data'  itemprop=\"mainEntityOfPage\" itemtype=\"https:\/\/schema.org\/mainEntityOfPage\" ><span itemprop='name'>O pejskovi a ko\u010di\u010dce<\/span><\/span><\/span><\/article><\/div><\/div><\/div><\/p><\/div>","protected":false},"excerpt":{"rendered":"","protected":false},"author":2,"featured_media":0,"parent":0,"menu_order":0,"comment_status":"closed","ping_status":"closed","template":"","meta":{"_acf_changed":false,"footnotes":""},"class_list":["post-42","page","type-page","status-publish","hentry"],"acf":[],"_links":{"self":[{"href":"https:\/\/studio.riseloutek.cz\/en\/wp-json\/wp\/v2\/pages\/42","targetHints":{"allow":["GET"]}}],"collection":[{"href":"https:\/\/studio.riseloutek.cz\/en\/wp-json\/wp\/v2\/pages"}],"about":[{"href":"https:\/\/studio.riseloutek.cz\/en\/wp-json\/wp\/v2\/types\/page"}],"author":[{"embeddable":true,"href":"https:\/\/studio.riseloutek.cz\/en\/wp-json\/wp\/v2\/users\/2"}],"replies":[{"embeddable":true,"href":"https:\/\/studio.riseloutek.cz\/en\/wp-json\/wp\/v2\/comments?post=42"}],"version-history":[{"count":25,"href":"https:\/\/studio.riseloutek.cz\/en\/wp-json\/wp\/v2\/pages\/42\/revisions"}],"predecessor-version":[{"id":596,"href":"https:\/\/studio.riseloutek.cz\/en\/wp-json\/wp\/v2\/pages\/42\/revisions\/596"}],"wp:attachment":[{"href":"https:\/\/studio.riseloutek.cz\/en\/wp-json\/wp\/v2\/media?parent=42"}],"curies":[{"name":"wp","href":"https:\/\/api.w.org\/{rel}","templated":true}]}}