{"id":49,"date":"2025-03-11T20:31:41","date_gmt":"2025-03-11T20:31:41","guid":{"rendered":"https:\/\/studio.riseloutek.cz\/?page_id=49"},"modified":"2026-03-31T12:41:53","modified_gmt":"2026-03-31T12:41:53","slug":"galerie","status":"publish","type":"page","link":"https:\/\/studio.riseloutek.cz\/en\/galerie\/","title":{"rendered":"Gallery"},"content":{"rendered":"<div id='av_section_1'  class='avia-section av-av_section-b65c2d8534dc312e7563401b6cc6625f main_color avia-section-default avia-no-border-styling  avia-builder-el-0  avia-builder-el-no-sibling  avia-bg-style-scroll container_wrap fullsize'  ><div class='container av-section-cont-open' ><main  role=\"main\" itemprop=\"mainContentOfPage\"  class='template-page content  av-content-full alpha units'><div class='post-entry post-entry-type-page post-entry-49'><div class='entry-content-wrapper clearfix'>\n<section  class='av_textblock_section av-m84xzydf-6808faa17ac82be94d84b62f71c61112'   itemscope=\"itemscope\" itemtype=\"https:\/\/schema.org\/CreativeWork\" ><div class='avia_textblock'  itemprop=\"text\" ><h1>Gallery<\/h1>\n<\/div><\/section>\n\n<style type=\"text\/css\" data-created_by=\"avia_inline_auto\" id=\"style-css-av-m84y57io-a0ae220a2f7d490c59e44f6ccd885ee9\">\n#top .hr.hr-invisible.av-m84y57io-a0ae220a2f7d490c59e44f6ccd885ee9{\nheight:50px;\n}\n<\/style>\n<div  class='hr av-m84y57io-a0ae220a2f7d490c59e44f6ccd885ee9 hr-invisible  avia-builder-el-2  el_after_av_textblock  el_before_av_portfolio  avia-builder-el-last'><span class='hr-inner'><span class=\"hr-inner-style\"><\/span><\/span><\/div>\n<div  id=\"av-sc-portfolio-1\"  class=\"av-portfolio-grid-sorting-container\"><div class='sort_width_container  av-sort-yes' data-portfolio-id='1' ><div id='js_sort_items' ><div class='sort_by_cat hidden'><a href=\"#\" data-filter=\"all_sort\" class=\"all_sort_button active_sort\"><span class=\"inner_sort_button\"><span>All<\/span><small class=\"av-cat-count\"> 5 <\/small><\/span><\/a><\/div><\/div><\/div><div  class='grid-sort-container isotope   no_margin-container with-title-container grid-total-odd grid-col-4 grid-links-' data-portfolio-id='1'><div data-ajax-id='507' class='grid-entry flex_column isotope-item all_sort no_margin post-entry post-entry-507 grid-entry-overview grid-loop-1 grid-parity-odd   av_one_fourth first default_av_fullwidth'><article class='main_color inner-entry'  itemscope=\"itemscope\" itemtype=\"https:\/\/schema.org\/CreativeWork\" ><a href=\"https:\/\/studio.riseloutek.cz\/en\/portfolio-item\/historicke-fotografie-2-2-2-2\/\" title='Ka\u0161p\u00e1rek s je\u017eibabou'  data-rel='grid-1' class='grid-image avia-hover-fx'> <img decoding=\"async\" fetchpriority=\"high\" width=\"260\" height=\"185\" src=\"https:\/\/studio.riseloutek.cz\/wp-content\/uploads\/2025\/03\/TST_kasparek-a-jezibaba-1-e1521735343949-260x185.jpg\" class=\"wp-image-236 avia-img-lazy-loading-not-236 attachment-portfolio_small size-portfolio_small wp-post-image\" alt=\"\" \/><\/a><div class='grid-content'><div class='avia-arrow'><\/div><header class=\"entry-content-header\" aria-label=\"Portfolio: Ka\u0161p\u00e1rek s je\u017eibabou\"><h3 class='grid-entry-title entry-title'  itemprop=\"headline\" ><a href='https:\/\/studio.riseloutek.cz\/en\/portfolio-item\/historicke-fotografie-2-2-2-2\/' title='Ka\u0161p\u00e1rek s je\u017eibabou'>Ka\u0161p\u00e1rek s je\u017eibabou<\/a><\/h3><\/header><\/div><footer class=\"entry-footer\"><\/footer><\/article><\/div><div data-ajax-id='504' class='grid-entry flex_column isotope-item all_sort no_margin post-entry post-entry-504 grid-entry-overview grid-loop-2 grid-parity-even   av_one_fourth  default_av_fullwidth'><article class='main_color inner-entry'  itemscope=\"itemscope\" itemtype=\"https:\/\/schema.org\/CreativeWork\" ><a href=\"https:\/\/studio.riseloutek.cz\/en\/portfolio-item\/historicke-fotografie-2-2-2\/\" title='Rekonstrukce divadla'  data-rel='grid-1' class='grid-image avia-hover-fx'> <img decoding=\"async\" fetchpriority=\"high\" width=\"260\" height=\"185\" src=\"https:\/\/studio.riseloutek.cz\/wp-content\/uploads\/2025\/03\/TST_rise-loutek-povoden-22-260x185.jpg\" class=\"wp-image-306 avia-img-lazy-loading-not-306 attachment-portfolio_small size-portfolio_small wp-post-image\" alt=\"\" \/><\/a><div class='grid-content'><div class='avia-arrow'><\/div><header class=\"entry-content-header\" aria-label=\"Portfolio: Rekonstrukce divadla\"><h3 class='grid-entry-title entry-title'  itemprop=\"headline\" ><a href='https:\/\/studio.riseloutek.cz\/en\/portfolio-item\/historicke-fotografie-2-2-2\/' title='Rekonstrukce divadla'>Rekonstrukce divadla<\/a><\/h3><\/header><\/div><footer class=\"entry-footer\"><\/footer><\/article><\/div><div data-ajax-id='501' class='grid-entry flex_column isotope-item all_sort no_margin post-entry post-entry-501 grid-entry-overview grid-loop-3 grid-parity-odd   av_one_fourth  default_av_fullwidth'><article class='main_color inner-entry'  itemscope=\"itemscope\" itemtype=\"https:\/\/schema.org\/CreativeWork\" ><a href=\"https:\/\/studio.riseloutek.cz\/en\/portfolio-item\/historicke-fotografie-2-2\/\" title='Pejsek a ko\u010di\u010dka'  data-rel='grid-1' class='grid-image avia-hover-fx'> <img decoding=\"async\" fetchpriority=\"high\" width=\"260\" height=\"185\" src=\"https:\/\/studio.riseloutek.cz\/wp-content\/uploads\/2025\/03\/Pejsek-a-kocicka-7870-260x185.jpg\" class=\"wp-image-165 avia-img-lazy-loading-not-165 attachment-portfolio_small size-portfolio_small wp-post-image\" alt=\"\" \/><\/a><div class='grid-content'><div class='avia-arrow'><\/div><header class=\"entry-content-header\" aria-label=\"Portfolio: Pejsek a ko\u010di\u010dka\"><h3 class='grid-entry-title entry-title'  itemprop=\"headline\" ><a href='https:\/\/studio.riseloutek.cz\/en\/portfolio-item\/historicke-fotografie-2-2\/' title='Pejsek a ko\u010di\u010dka'>Pejsek a ko\u010di\u010dka<\/a><\/h3><\/header><\/div><footer class=\"entry-footer\"><\/footer><\/article><\/div><div data-ajax-id='496' class='grid-entry flex_column isotope-item all_sort no_margin post-entry post-entry-496 grid-entry-overview grid-loop-4 grid-parity-even   av_one_fourth  default_av_fullwidth'><article class='main_color inner-entry'  itemscope=\"itemscope\" itemtype=\"https:\/\/schema.org\/CreativeWork\" ><a href=\"https:\/\/studio.riseloutek.cz\/en\/portfolio-item\/historicke-fotografie-2\/\" title='Povodn\u011b 2002'  data-rel='grid-1' class='grid-image avia-hover-fx'> <img decoding=\"async\" fetchpriority=\"high\" width=\"260\" height=\"185\" src=\"https:\/\/studio.riseloutek.cz\/wp-content\/uploads\/2025\/03\/TST_rise-loutek-povoden-02-260x185.jpg\" class=\"wp-image-286 avia-img-lazy-loading-not-286 attachment-portfolio_small size-portfolio_small wp-post-image\" alt=\"\" \/><\/a><div class='grid-content'><div class='avia-arrow'><\/div><header class=\"entry-content-header\" aria-label=\"Portfolio: Povodn\u011b 2002\"><h3 class='grid-entry-title entry-title'  itemprop=\"headline\" ><a href='https:\/\/studio.riseloutek.cz\/en\/portfolio-item\/historicke-fotografie-2\/' title='Povodn\u011b 2002'>Povodn\u011b 2002<\/a><\/h3><\/header><\/div><footer class=\"entry-footer\"><\/footer><\/article><\/div><div data-ajax-id='50' class='grid-entry flex_column isotope-item all_sort no_margin post-entry post-entry-50 grid-entry-overview grid-loop-5 grid-parity-odd  post-entry-last   av_one_fourth first default_av_fullwidth'><article class='main_color inner-entry'  itemscope=\"itemscope\" itemtype=\"https:\/\/schema.org\/CreativeWork\" ><a href=\"https:\/\/studio.riseloutek.cz\/en\/portfolio-item\/historicke-fotografie\/\" title='Historick\u00e9 fotografie'  data-rel='grid-1' class='grid-image avia-hover-fx'> <img decoding=\"async\" fetchpriority=\"high\" width=\"260\" height=\"185\" src=\"https:\/\/studio.riseloutek.cz\/wp-content\/uploads\/2025\/03\/TST_rise-loutek-historie-01-260x185.jpg\" class=\"wp-image-270 avia-img-lazy-loading-not-270 attachment-portfolio_small size-portfolio_small wp-post-image\" alt=\"\" \/><\/a><div class='grid-content'><div class='avia-arrow'><\/div><header class=\"entry-content-header\" aria-label=\"Portfolio: Historick\u00e9 fotografie\"><h3 class='grid-entry-title entry-title'  itemprop=\"headline\" ><a href='https:\/\/studio.riseloutek.cz\/en\/portfolio-item\/historicke-fotografie\/' title='Historick\u00e9 fotografie'>Historick\u00e9 fotografie<\/a><\/h3><\/header><\/div><footer class=\"entry-footer\"><\/footer><\/article><\/div><\/div><\/div>   <!--   class=\"av-portfolio-grid-sorting-container\"  -->","protected":false},"excerpt":{"rendered":"","protected":false},"author":2,"featured_media":0,"parent":0,"menu_order":0,"comment_status":"closed","ping_status":"closed","template":"","meta":{"_acf_changed":false,"footnotes":""},"class_list":["post-49","page","type-page","status-publish","hentry"],"acf":[],"_links":{"self":[{"href":"https:\/\/studio.riseloutek.cz\/en\/wp-json\/wp\/v2\/pages\/49","targetHints":{"allow":["GET"]}}],"collection":[{"href":"https:\/\/studio.riseloutek.cz\/en\/wp-json\/wp\/v2\/pages"}],"about":[{"href":"https:\/\/studio.riseloutek.cz\/en\/wp-json\/wp\/v2\/types\/page"}],"author":[{"embeddable":true,"href":"https:\/\/studio.riseloutek.cz\/en\/wp-json\/wp\/v2\/users\/2"}],"replies":[{"embeddable":true,"href":"https:\/\/studio.riseloutek.cz\/en\/wp-json\/wp\/v2\/comments?post=49"}],"version-history":[{"count":2,"href":"https:\/\/studio.riseloutek.cz\/en\/wp-json\/wp\/v2\/pages\/49\/revisions"}],"predecessor-version":[{"id":15439,"href":"https:\/\/studio.riseloutek.cz\/en\/wp-json\/wp\/v2\/pages\/49\/revisions\/15439"}],"wp:attachment":[{"href":"https:\/\/studio.riseloutek.cz\/en\/wp-json\/wp\/v2\/media?parent=49"}],"curies":[{"name":"wp","href":"https:\/\/api.w.org\/{rel}","templated":true}]}}