{"id":56,"date":"2025-03-11T20:37:09","date_gmt":"2025-03-11T20:37:09","guid":{"rendered":"https:\/\/studio.riseloutek.cz\/?page_id=56"},"modified":"2026-03-31T12:42:50","modified_gmt":"2026-03-31T12:42:50","slug":"napiste-nam","status":"publish","type":"page","link":"https:\/\/studio.riseloutek.cz\/en\/napiste-nam\/","title":{"rendered":"Write to us"},"content":{"rendered":"<div id='av_section_1'  class='avia-section av-av_section-b65c2d8534dc312e7563401b6cc6625f main_color avia-section-default avia-no-border-styling  avia-builder-el-0  avia-builder-el-no-sibling  avia-bg-style-scroll container_wrap fullsize'  ><div class='container av-section-cont-open' ><main  role=\"main\" itemprop=\"mainContentOfPage\"  class='template-page content  av-content-full alpha units'><div class='post-entry post-entry-type-page post-entry-56'><div class='entry-content-wrapper clearfix'>\n<div  class='flex_column av-av_three_fifth-1e8a3ce218f0e023b5598bc47206fb8b av_three_fifth  avia-builder-el-1  el_before_av_two_fifth  avia-builder-el-first  first flex_column_div'     ><section  class='av_textblock_section av-m84y7wmm-743c1dbe52cb5ea0c60674e936cc7182'   itemscope=\"itemscope\" itemtype=\"https:\/\/schema.org\/CreativeWork\" ><div class='avia_textblock'  itemprop=\"text\" ><h1>Write to us<\/h1>\n<p>V\u00e1\u017een\u00ed div\u00e1ci, vstupenky m\u016f\u017eete nov\u011b rezervovat p\u0159\u00edmo na str\u00e1nce\u00a0<a href=\"https:\/\/www.riseloutek.cz\/program\">PROGRAM<\/a>\u00a0kliknut\u00edm na odkaz \u201eVSTUPENKY\u201c. Pokud n\u00e1m chcete napsat, nebo m\u00e1te specifick\u00e9 po\u017eadavky, vypl\u0148te formul\u00e1\u0159 n\u00ed\u017ee. D\u011bkujeme.<\/p>\n<\/div><\/section><br \/>\n<\/p><\/div><div  class='flex_column av-av_two_fifth-f2daff72c3d053d87531b28cbe2afcb2 av_two_fifth  avia-builder-el-4  el_after_av_three_fifth  avia-builder-el-last  flex_column_div'     ><section  class='av_textblock_section av-m84y87xi-e25b7166607dbc337153859dd99731f3'   itemscope=\"itemscope\" itemtype=\"https:\/\/schema.org\/CreativeWork\" ><div class='avia_textblock'  itemprop=\"text\" ><h1>Contact<\/h1>\n<h3>Pokladna divadla a divadlo<\/h3>\n<p>se nach\u00e1z\u00ed v \u017dateck\u00e9 1 (budova M\u011bstsk\u00e9 knihovny). Po dobu uzav\u0159en\u00ed na\u0161eho divadeln\u00edho s\u00e1lu hrajeme v mal\u00e9m s\u00e1le M\u011bstsk\u00e9 knihovny v Praze \u2013 vstup hlavn\u00edm vchodem do knihovny z Mari\u00e1nsk\u00e9ho n\u00e1m\u011bst\u00ed, nebo v Malostransk\u00e9 besed\u011b na Malostransk\u00e9m n\u00e1m\u011bst\u00ed.<\/p>\n<p>Po tuto dobu je mo\u017en\u00e9 zakoupit vstupenky na na\u0161em webu.<\/p>\n<p>Vstupenky na p\u0159edstaven\u00ed v M\u011bstsk\u00e9 knihovn\u011b je mo\u017en\u00e9 zakoupit i v pokladn\u011b m\u011bstsk\u00e9 knihovny.<\/p>\n<h3>Doprava<\/h3>\n<p>do divadla je mo\u017en\u00e1 tramvaj\u00ed 17 a 18 do stanice Starom\u011bstsk\u00e1, autobusem\u00a0207 do stanice Starom\u011bstsk\u00e1 a metrem \u201cA\u201d tak\u00e9 do stanice Starom\u011bstsk\u00e1.<\/p>\n<h3>Rezervace<\/h3>\n<p>Vstupenky m\u016f\u017eete objedn\u00e1vat na na\u0161ich str\u00e1nk\u00e1ch. Rezervovan\u00e9 vstupenky je nutno vyzvednout nejpozd\u011bji 30 minut p\u0159ed za\u010d\u00e1tkem p\u0159edstaven\u00ed.<\/p>\n<h3>Provoz divadla<\/h3>\n<p>Mobil: +420 604 628 082<br \/>\nE-mail:\u00a0<a href=\"mailto:provoz@riseloutek.cz\">provoz@riseloutek.cz<\/a><\/p>\n<\/div><\/section><\/div>","protected":false},"excerpt":{"rendered":"","protected":false},"author":2,"featured_media":0,"parent":0,"menu_order":0,"comment_status":"closed","ping_status":"closed","template":"","meta":{"_acf_changed":false,"footnotes":""},"class_list":["post-56","page","type-page","status-publish","hentry"],"acf":[],"_links":{"self":[{"href":"https:\/\/studio.riseloutek.cz\/en\/wp-json\/wp\/v2\/pages\/56","targetHints":{"allow":["GET"]}}],"collection":[{"href":"https:\/\/studio.riseloutek.cz\/en\/wp-json\/wp\/v2\/pages"}],"about":[{"href":"https:\/\/studio.riseloutek.cz\/en\/wp-json\/wp\/v2\/types\/page"}],"author":[{"embeddable":true,"href":"https:\/\/studio.riseloutek.cz\/en\/wp-json\/wp\/v2\/users\/2"}],"replies":[{"embeddable":true,"href":"https:\/\/studio.riseloutek.cz\/en\/wp-json\/wp\/v2\/comments?post=56"}],"version-history":[{"count":4,"href":"https:\/\/studio.riseloutek.cz\/en\/wp-json\/wp\/v2\/pages\/56\/revisions"}],"predecessor-version":[{"id":15435,"href":"https:\/\/studio.riseloutek.cz\/en\/wp-json\/wp\/v2\/pages\/56\/revisions\/15435"}],"wp:attachment":[{"href":"https:\/\/studio.riseloutek.cz\/en\/wp-json\/wp\/v2\/media?parent=56"}],"curies":[{"name":"wp","href":"https:\/\/api.w.org\/{rel}","templated":true}]}}