{"id":73,"date":"2025-03-11T20:44:43","date_gmt":"2025-03-11T20:44:43","guid":{"rendered":"https:\/\/studio.riseloutek.cz\/?page_id=73"},"modified":"2026-01-20T10:02:36","modified_gmt":"2026-01-20T10:02:36","slug":"kontakt","status":"publish","type":"page","link":"https:\/\/studio.riseloutek.cz\/en\/kontakt\/","title":{"rendered":"Contact"},"content":{"rendered":"<div id='av_section_1'  class='avia-section av-av_section-b65c2d8534dc312e7563401b6cc6625f main_color avia-section-default avia-no-border-styling  avia-builder-el-0  avia-builder-el-no-sibling  avia-bg-style-scroll container_wrap fullsize'  ><div class='container av-section-cont-open' ><main  role=\"main\" itemprop=\"mainContentOfPage\"  class='template-page content  av-content-full alpha units'><div class='post-entry post-entry-type-page post-entry-73'><div class='entry-content-wrapper clearfix'>\n<div  class='flex_column av-av_three_fifth-1e8a3ce218f0e023b5598bc47206fb8b av_three_fifth  avia-builder-el-1  el_before_av_two_fifth  avia-builder-el-first  first flex_column_div'     ><section  class='av_textblock_section av-m84ylnjw-c19be956b035a0603335f9b22a697ed3'   itemscope=\"itemscope\" itemtype=\"https:\/\/schema.org\/CreativeWork\" ><div class='avia_textblock'  itemprop=\"text\" ><h1>Contact<\/h1>\n<h3>Adresa divadla<\/h3>\n<p>\u017dateck\u00e1 98\/1, Praha 1 \u2013 Star\u00e9 M\u011bsto, 11000<\/p>\n<p><strong>Pozor!<\/strong>\u00a0Na\u0161e st\u00e1l\u00e1 sc\u00e9na v \u017dateck\u00e9 ulici je aktu\u00e1lne uzav\u0159ena z d\u016fvodu pl\u00e1novan\u00e9 rekonstrukce. Hrajeme v n\u00e1hradn\u00edch prostorech (viz program).<\/p>\n<h3>Pokladna<\/h3>\n<p>Po dobu uzav\u0159en\u00ed divadeln\u00edho s\u00e1lu jsou rezervace a prodej vstupenek zaji\u0161\u0165ov\u00e1ny na\u0161imi partnery. V\u00edce informac\u00ed naleznete v z\u00e1lo\u017ece program, kde u ka\u017ed\u00e9ho p\u0159edstaven\u00ed najdete i odkaz pro rezervace vstupenek online.<\/p>\n<h3>Doprava<\/h3>\n<p>P\u011bt minut ch\u016fze od stanice Starom\u011bstsk\u00e1 (tramvaj 2, 17, 18, metro A, autobus 194, 207)<\/p>\n<h3>P\u0159edstaven\u00ed na objedn\u00e1vku a z\u00e1jezdy<\/h3>\n<p>Po dobu uzav\u0159en\u00ed divadla nem\u016f\u017eeme uspo\u0159\u00e1dat zadan\u00e1 p\u0159edstaven\u00ed, ale r\u00e1di p\u0159ijedeme p\u0159\u00edmo za v\u00e1mi. Hrajeme v divadlech, kulturn\u00edch s\u00e1lech, ve \u0161kolk\u00e1ch i na festivalech. Nev\u00e1hejte n\u00e1s kontaktovat pro v\u00edce informac\u00ed.<\/p>\n<h3>Contact<\/h3>\n<p>Mobil: +420 604 628 082<br \/>\nE-mail: provoz@riseloutek.cz<\/p>\n<p>Facebook: @riseloutek<br \/>\nInstagram: @riseloutek<br \/>\nMobil: +420 604 628 082<\/p>\n<h3>Faktura\u010dn\u00ed \u00fadaje<\/h3>\n<p>Divadlo \u0158\u00ed\u0161e loutek z.s.<br \/>\n\u017dateck\u00e1 98\/1<br \/>\nPraha 1 \u2013 Star\u00e9 M\u011bsto<br \/>\nI\u010c: 44265433<br \/>\n\u010c\u00edslo \u00fa\u010dtu:<span class=\"Apple-converted-space\">\u00a02689163\u00a0\/\u00a00300<\/span><\/p>\n<\/div><\/section><\/div><div  class='flex_column av-av_two_fifth-f2daff72c3d053d87531b28cbe2afcb2 av_two_fifth  avia-builder-el-3  el_after_av_three_fifth  avia-builder-el-last  flex_column_div'     ><section  class='av_textblock_section av-m84yls0i-ca24a5a94c05ad613adec96ed93d675b'   itemscope=\"itemscope\" itemtype=\"https:\/\/schema.org\/CreativeWork\" ><div class='avia_textblock'  itemprop=\"text\" ><h1>Adresa<\/h1>\n<div>Divadlo \u0158\u00ed\u0161e loutek z.s.<\/div>\n<div>\u017dateck\u00e1 98\/1<\/div>\n<div>Praha 1 \u2013 Star\u00e9 M\u011bsto<\/div>\n<div>I\u010c:\u00a044265433<\/div>\n<\/div><\/section><\/div>","protected":false},"excerpt":{"rendered":"","protected":false},"author":2,"featured_media":0,"parent":0,"menu_order":0,"comment_status":"closed","ping_status":"closed","template":"","meta":{"_acf_changed":false,"footnotes":""},"class_list":["post-73","page","type-page","status-publish","hentry"],"acf":[],"_links":{"self":[{"href":"https:\/\/studio.riseloutek.cz\/en\/wp-json\/wp\/v2\/pages\/73","targetHints":{"allow":["GET"]}}],"collection":[{"href":"https:\/\/studio.riseloutek.cz\/en\/wp-json\/wp\/v2\/pages"}],"about":[{"href":"https:\/\/studio.riseloutek.cz\/en\/wp-json\/wp\/v2\/types\/page"}],"author":[{"embeddable":true,"href":"https:\/\/studio.riseloutek.cz\/en\/wp-json\/wp\/v2\/users\/2"}],"replies":[{"embeddable":true,"href":"https:\/\/studio.riseloutek.cz\/en\/wp-json\/wp\/v2\/comments?post=73"}],"version-history":[{"count":3,"href":"https:\/\/studio.riseloutek.cz\/en\/wp-json\/wp\/v2\/pages\/73\/revisions"}],"predecessor-version":[{"id":15434,"href":"https:\/\/studio.riseloutek.cz\/en\/wp-json\/wp\/v2\/pages\/73\/revisions\/15434"}],"wp:attachment":[{"href":"https:\/\/studio.riseloutek.cz\/en\/wp-json\/wp\/v2\/media?parent=73"}],"curies":[{"name":"wp","href":"https:\/\/api.w.org\/{rel}","templated":true}]}}